{"id":822,"date":"2018-08-30T12:29:24","date_gmt":"2018-08-30T15:29:24","guid":{"rendered":"https:\/\/santateresita-cba.infd.edu.ar\/sitio\/plan-de-estudios-4\/"},"modified":"2021-09-03T19:18:25","modified_gmt":"2021-09-03T22:18:25","slug":"plan-de-estudios-4","status":"publish","type":"page","link":"https:\/\/santateresita-cba.infd.edu.ar\/sitio\/plan-de-estudios-4\/","title":{"rendered":"Plan de estudios \u2013 Profesorado de Educaci\u00f3n Tecnol\u00f3gica"},"content":{"rendered":"<header class=\"entry-header\"><\/header>\n<div class=\"entry-content\">\n<p><strong>&nbsp; &nbsp; &nbsp; &nbsp;&nbsp;<\/strong><strong>&nbsp;PRIMER&nbsp; A\u00d1O<\/strong><\/p>\n<ul>\n<li>Pedagog\u00eda<\/li>\n<li>Problem\u00e1ticas Socioantropol\u00f3gicas en Educaci\u00f3n<\/li>\n<li>Lectura y Escritura Acad\u00e9mica<\/li>\n<li>Pr\u00e1ctica Docente I: Contextos y Pr\u00e1cticas Educativas<\/li>\n<li>Matem\u00e1tica I<\/li>\n<li>F\u00edsica I<\/li>\n<li>Qu\u00edmica<\/li>\n<li>Educaci\u00f3n Tecnol\u00f3gica<\/li>\n<li>Historia de la Tecnolog\u00eda<\/li>\n<\/ul>\n<p><strong>&nbsp;&nbsp;&nbsp;&nbsp;&nbsp;&nbsp; SEGUNDO&nbsp; A\u00d1O<\/strong><\/p>\n<ul>\n<li>Psicolog\u00eda y Educaci\u00f3n<\/li>\n<li>Did\u00e1ctica General<\/li>\n<li>Lenguaje Digital y Audiovisual<\/li>\n<li>Pr\u00e1ctica Docente II: Escuelas, Historias Documentadas y Cotidianeidad<\/li>\n<li>Matem\u00e1tica II<\/li>\n<li>F\u00edsica II<\/li>\n<li>Sistemas de Representaci\u00f3n y Comunicaci\u00f3n<\/li>\n<li>Materiales<\/li>\n<li>Did\u00e1ctica de la Educaci\u00f3n Tecnol\u00f3gica I<\/li>\n<li>Sujetos de la Educaci\u00f3n<\/li>\n<li>Seminario I<\/li>\n<\/ul>\n<p><strong>&nbsp;&nbsp;&nbsp;&nbsp;&nbsp; TERCER&nbsp; A\u00d1O<\/strong><\/p>\n<ul>\n<li>Filosof\u00eda y&nbsp; Educaci\u00f3n<\/li>\n<li>Idioma Extranjero: Ingl\u00e9s T\u00e9cnico<\/li>\n<li>Pr\u00e1ctica Docente III y Residencia<\/li>\n<li>Investigaci\u00f3n e Innovaci\u00f3n Tecnol\u00f3gica<\/li>\n<li>Pol\u00edticas Econ\u00f3micas y Desarrollo Tecnol\u00f3gico<\/li>\n<li>Sistemas Tecnol\u00f3gicos<\/li>\n<li>Ciencia, Tecnolog\u00eda. Sociedad y Ambiente<\/li>\n<li>Did\u00e1ctica de la Educaci\u00f3n Tecnol\u00f3gica II<\/li>\n<li>Tecnolog\u00edas Educativas<\/li>\n<li>Seminario II<\/li>\n<\/ul>\n<p><strong>&nbsp;&nbsp;&nbsp;&nbsp;&nbsp; CUARTO A\u00d1O<\/strong><\/p>\n<ul>\n<li>\u00c9tica y Construcci\u00f3n de Ciudadan\u00eda<\/li>\n<li>Educaci\u00f3n Sexual Integral<\/li>\n<li>Pr\u00e1ctica IV y Residencia<\/li>\n<li>Tecnolog\u00edas de la Producci\u00f3n Industrial<\/li>\n<li>Tecnolog\u00edas de la Producci\u00f3n Agropecuaria<\/li>\n<li>Tecnolog\u00edas de la Informaci\u00f3n y de la Comunicaci\u00f3n<\/li>\n<li>Tecnolog\u00edas de Gesti\u00f3n<\/li>\n<li>Biotecnolog\u00eda<\/li>\n<li>Aula-Taller de Educaci\u00f3n Tecnol\u00f3gica<\/li>\n<\/ul>\n<\/div>\n<p><strong><span style=\"color: #0000ff;\"><a href=\"https:\/\/santateresita-cba.infd.edu.ar\/sitio\/wp-content\/uploads\/2018\/08\/PLAN_DE_ESTUDIOS_PROFESORADO_DE_EDUCACION_TECNOLOGICA.png\">(Copia para descargar)<\/a><\/span><\/strong><\/p>\n","protected":false},"excerpt":{"rendered":"<p>&nbsp; &nbsp; &nbsp; &nbsp;&nbsp;&nbsp;PRIMER&nbsp; A\u00d1O Pedagog\u00eda Problem\u00e1ticas Socioantropol\u00f3gicas en Educaci\u00f3n Lectura y Escritura Acad\u00e9mica Pr\u00e1ctica Docente I: Contextos y Pr\u00e1cticas Educativas Matem\u00e1tica I F\u00edsica I Qu\u00edmica Educaci\u00f3n Tecnol\u00f3gica Historia de la Tecnolog\u00eda &nbsp;&nbsp;&nbsp;&nbsp;&nbsp;&nbsp; SEGUNDO&nbsp; A\u00d1O Psicolog\u00eda y Educaci\u00f3n Did\u00e1ctica General Lenguaje Digital y Audiovisual Pr\u00e1ctica Docente II: Escuelas, Historias Documentadas y Cotidianeidad Matem\u00e1tica II F\u00edsica &#8230; <a title=\"Plan de estudios \u2013 Profesorado de Educaci\u00f3n Tecnol\u00f3gica\" class=\"read-more\" href=\"https:\/\/santateresita-cba.infd.edu.ar\/sitio\/plan-de-estudios-4\/\" aria-label=\"More on Plan de estudios \u2013 Profesorado de Educaci\u00f3n Tecnol\u00f3gica\">[+]<\/a><\/p>\n","protected":false},"author":203,"featured_media":0,"parent":0,"menu_order":0,"comment_status":"closed","ping_status":"closed","template":"","meta":[],"acf":[],"_links":{"self":[{"href":"https:\/\/santateresita-cba.infd.edu.ar\/sitio\/wp-json\/wp\/v2\/pages\/822"}],"collection":[{"href":"https:\/\/santateresita-cba.infd.edu.ar\/sitio\/wp-json\/wp\/v2\/pages"}],"about":[{"href":"https:\/\/santateresita-cba.infd.edu.ar\/sitio\/wp-json\/wp\/v2\/types\/page"}],"author":[{"embeddable":true,"href":"https:\/\/santateresita-cba.infd.edu.ar\/sitio\/wp-json\/wp\/v2\/users\/203"}],"replies":[{"embeddable":true,"href":"https:\/\/santateresita-cba.infd.edu.ar\/sitio\/wp-json\/wp\/v2\/comments?post=822"}],"version-history":[{"count":5,"href":"https:\/\/santateresita-cba.infd.edu.ar\/sitio\/wp-json\/wp\/v2\/pages\/822\/revisions"}],"predecessor-version":[{"id":1100,"href":"https:\/\/santateresita-cba.infd.edu.ar\/sitio\/wp-json\/wp\/v2\/pages\/822\/revisions\/1100"}],"wp:attachment":[{"href":"https:\/\/santateresita-cba.infd.edu.ar\/sitio\/wp-json\/wp\/v2\/media?parent=822"}],"curies":[{"name":"wp","href":"https:\/\/api.w.org\/{rel}","templated":true}]}}