{"id":805,"date":"2018-08-30T12:29:16","date_gmt":"2018-08-30T15:29:16","guid":{"rendered":"https:\/\/santateresita-cba.infd.edu.ar\/sitio\/plan-de-estudios-3\/"},"modified":"2021-05-20T20:32:53","modified_gmt":"2021-05-20T23:32:53","slug":"plan-de-estudios-3","status":"publish","type":"page","link":"https:\/\/santateresita-cba.infd.edu.ar\/sitio\/plan-de-estudios-3\/","title":{"rendered":"Plan de estudios &#8211; Profesorado de Educaci\u00f3n Inicial"},"content":{"rendered":"<p><span style=\"font-family: arial black,avant garde;\"><strong> PRIMER \u00a0A\u00d1O<\/strong><\/span><\/p>\n<ul>\n<li>Pedagog\u00eda<\/li>\n<li>Problem\u00e1ticas Socioantropol\u00f3gicas en Educaci\u00f3n<\/li>\n<li>Psicolog\u00eda y Educaci\u00f3n<\/li>\n<li>Argentina en el Mundo Contempor\u00e1neo<\/li>\n<li>Lenguaje Digital y Audiovisual<\/li>\n<li>Lenguaje Corporal<\/li>\n<li>Pr\u00e1ctica Docente I: Contextos y Pr\u00e1cticas Educativas<\/li>\n<li>Educaci\u00f3n Inicial: Jard\u00edn Maternal<\/li>\n<li>Oralidad, Lectura y Escritura<\/li>\n<\/ul>\n<p><span style=\"font-family: arial black,avant garde;\"><strong>\u00a0\u00a0\u00a0\u00a0\u00a0 SEGUNDO \u00a0A\u00d1O<\/strong><\/span><\/p>\n<ul>\n<li>Filosof\u00eda y Educaci\u00f3n<\/li>\n<li>Did\u00e1ctica General<\/li>\n<li>Pr\u00e1ctica Docente II: Escuelas, Historias Documentadas y Cotidianeidad<\/li>\n<li>Desarrollo del Pensamiento Matem\u00e1tico<\/li>\n<li>Lengua y su Did\u00e1ctica<\/li>\n<li>Alfabetizaci\u00f3n Inicial<\/li>\n<li>Ciencias Naturales y su Did\u00e1ctica<\/li>\n<li>Sujetos de la Educaci\u00f3n y Convivencia Escolar<\/li>\n<li>Educaci\u00f3n Art\u00edstica: Pl\u00e1stica<\/li>\n<li>TIC y la Ense\u00f1anza en el Nivel Inicial<\/li>\n<li>Seminario I<\/li>\n<\/ul>\n<p><span style=\"font-family: arial black,avant garde;\"><strong>\u00a0\u00a0\u00a0\u00a0\u00a0 TERCER \u00a0A\u00d1O<\/strong><\/span><\/p>\n<ul>\n<li>Historia y Pol\u00edtica de la Educaci\u00f3n Argentina<\/li>\n<li>Pr\u00e1ctica Docente III: La Sala, Espacio del Aprender y del Ense\u00f1ar<\/li>\n<li>Matem\u00e1tica y su Did\u00e1ctica<\/li>\n<li>Literatura en el Nivel Inicial<\/li>\n<li>Ciencias Sociales y su Did\u00e1ctica<\/li>\n<li>Educaci\u00f3n para la Salud<\/li>\n<li>Educaci\u00f3n Ambiental<\/li>\n<li>Educaci\u00f3n F\u00edsica en J.Maternal y J.Infantes<\/li>\n<li>Educaci\u00f3n Art\u00edstica: M\u00fasica<\/li>\n<li>Seminario II<\/li>\n<\/ul>\n<p><span style=\"font-family: arial black,avant garde;\"><strong>\u00a0\u00a0\u00a0\u00a0\u00a0 CUARTO A\u00d1O<\/strong><\/span><\/p>\n<ul>\n<li>\u00c9tica y Construcci\u00f3n de Ciudadan\u00eda<\/li>\n<li>Pr\u00e1ctica IV y Residencia: Recrear las Pr\u00e1cticas Docentes<\/li>\n<li>Problem\u00e1ticas y Desaf\u00edos del Nivel Inicial: J.Maternal y J.Infantes<\/li>\n<li>Educaci\u00f3n Art\u00edstica: Teatro<\/li>\n<li>Educaci\u00f3n Sexual Integral<\/li>\n<li>Dise\u00f1o y Construcci\u00f3n de Material Did\u00e1ctico<\/li>\n<\/ul>\n<p><span style=\"color: #0000ff;\"><strong> \u00a0 <\/strong><\/span><span style=\"color: #0000ff;\"><strong>(<a title=\"Plan de estudios Profesorado Inicial\" href=\"https:\/\/santateresita-cba.infd.edu.ar\/sitio\/wp-content\/uploads\/2018\/08\/PLAN_DE_ESTUDIOS_PROFESORADO_DE_EDUCACION_INICIAL.png\" target=\"_blank\" rel=\"noopener\"><span style=\"color: #0000ff;\">Copia para descargar<\/span><\/a>)<\/strong><\/span><\/p>\n","protected":false},"excerpt":{"rendered":"<p>PRIMER \u00a0A\u00d1O Pedagog\u00eda Problem\u00e1ticas Socioantropol\u00f3gicas en Educaci\u00f3n Psicolog\u00eda y Educaci\u00f3n Argentina en el Mundo Contempor\u00e1neo Lenguaje Digital y Audiovisual Lenguaje Corporal Pr\u00e1ctica Docente I: Contextos y Pr\u00e1cticas Educativas Educaci\u00f3n Inicial: Jard\u00edn Maternal Oralidad, Lectura y Escritura \u00a0\u00a0\u00a0\u00a0\u00a0 SEGUNDO \u00a0A\u00d1O Filosof\u00eda y Educaci\u00f3n Did\u00e1ctica General Pr\u00e1ctica Docente II: Escuelas, Historias Documentadas y Cotidianeidad Desarrollo del Pensamiento &#8230; <a title=\"Plan de estudios &#8211; Profesorado de Educaci\u00f3n Inicial\" class=\"read-more\" href=\"https:\/\/santateresita-cba.infd.edu.ar\/sitio\/plan-de-estudios-3\/\" aria-label=\"More on Plan de estudios &#8211; Profesorado de Educaci\u00f3n Inicial\">[+]<\/a><\/p>\n","protected":false},"author":203,"featured_media":0,"parent":0,"menu_order":0,"comment_status":"closed","ping_status":"closed","template":"","meta":[],"acf":[],"_links":{"self":[{"href":"https:\/\/santateresita-cba.infd.edu.ar\/sitio\/wp-json\/wp\/v2\/pages\/805"}],"collection":[{"href":"https:\/\/santateresita-cba.infd.edu.ar\/sitio\/wp-json\/wp\/v2\/pages"}],"about":[{"href":"https:\/\/santateresita-cba.infd.edu.ar\/sitio\/wp-json\/wp\/v2\/types\/page"}],"author":[{"embeddable":true,"href":"https:\/\/santateresita-cba.infd.edu.ar\/sitio\/wp-json\/wp\/v2\/users\/203"}],"replies":[{"embeddable":true,"href":"https:\/\/santateresita-cba.infd.edu.ar\/sitio\/wp-json\/wp\/v2\/comments?post=805"}],"version-history":[{"count":2,"href":"https:\/\/santateresita-cba.infd.edu.ar\/sitio\/wp-json\/wp\/v2\/pages\/805\/revisions"}],"predecessor-version":[{"id":875,"href":"https:\/\/santateresita-cba.infd.edu.ar\/sitio\/wp-json\/wp\/v2\/pages\/805\/revisions\/875"}],"wp:attachment":[{"href":"https:\/\/santateresita-cba.infd.edu.ar\/sitio\/wp-json\/wp\/v2\/media?parent=805"}],"curies":[{"name":"wp","href":"https:\/\/api.w.org\/{rel}","templated":true}]}}