{"id":803,"date":"2018-08-30T12:29:15","date_gmt":"2018-08-30T15:29:15","guid":{"rendered":"https:\/\/santateresita-cba.infd.edu.ar\/sitio\/plan-de-estudios-2\/"},"modified":"2021-07-29T16:39:02","modified_gmt":"2021-07-29T19:39:02","slug":"plan-de-estudios-2","status":"publish","type":"page","link":"https:\/\/santateresita-cba.infd.edu.ar\/sitio\/plan-de-estudios-2\/","title":{"rendered":"Plan de estudios &#8211; Profesorado de Educaci\u00f3n Primaria"},"content":{"rendered":"<p><strong style=\"font-family: 'arial black', 'avant garde'; font-size: 10pt;\">\u00a0 \u00a0 \u00a0 \u00a0\u00a0<\/strong><span style=\"font-family: arial black,avant garde;\"><strong>\u00a0PRIMER\u00a0 A\u00d1O<\/strong><\/span><\/p>\n<ul>\n<li><span style=\"font-family: verdana,geneva;\">Pedagog\u00eda<\/span><\/li>\n<li><span style=\"font-family: verdana,geneva;\">Problem\u00e1ticas Socioantropol\u00f3gicas en Educaci\u00f3n<\/span><\/li>\n<li><span style=\"font-family: verdana,geneva;\">Psicolog\u00eda y Educaci\u00f3n<\/span><\/li>\n<li><span style=\"font-family: verdana,geneva;\">Argentina en el Mundo Contempor\u00e1neo<\/span><\/li>\n<li><span style=\"font-family: verdana,geneva;\">Lenguaje Digital y Audiovisual<\/span><\/li>\n<li><span style=\"font-family: verdana,geneva;\">Lenguaje Corporal<\/span><\/li>\n<li><span style=\"font-family: verdana,geneva;\">Pr\u00e1ctica Docente I: Contextos y Pr\u00e1cticas Educativas<\/span><\/li>\n<li><span style=\"font-family: verdana,geneva;\">Desarrollo del Pensamiento Matem\u00e1tico<\/span><\/li>\n<li><span style=\"font-family: verdana,geneva;\">Oralidad, Lectura y Escritura<\/span><\/li>\n<\/ul>\n<p><span style=\"font-family: arial black,avant garde;\"><strong>\u00a0\u00a0\u00a0\u00a0\u00a0\u00a0 SEGUNDO\u00a0 A\u00d1O<\/strong><\/span><\/p>\n<ul>\n<li><span style=\"font-family: verdana,geneva;\">Filosof\u00eda y Educaci\u00f3n<\/span><\/li>\n<li><span style=\"font-family: verdana,geneva;\">Did\u00e1ctica General<\/span><\/li>\n<li><span style=\"font-family: verdana,geneva;\">Lenguaje Art\u00edstico Expresivo<\/span><\/li>\n<li><span style=\"font-family: verdana,geneva;\">Pr\u00e1ctica Docente II: Escuelas, Historias Documentadas y Cotidianeidad<\/span><\/li>\n<li><span style=\"font-family: verdana,geneva;\">Matem\u00e1tica y su Did\u00e1ctica I<\/span><\/li>\n<li><span style=\"font-family: verdana,geneva;\">Lengua y su Did\u00e1ctica<\/span><\/li>\n<li><span style=\"font-family: verdana,geneva;\">Ciencias Naturales y su Did\u00e1ctica I<\/span><\/li>\n<li><span style=\"font-family: verdana,geneva;\">Ciencias Sociales y su Did\u00e1ctica I<\/span><\/li>\n<li><span style=\"font-family: verdana,geneva;\">Sujetos de la Educaci\u00f3n y Convivencia Escolar<\/span><\/li>\n<li><span style=\"font-family: verdana,geneva;\">Seminario I<\/span><\/li>\n<\/ul>\n<p><span style=\"font-family: arial black,avant garde;\"><strong>\u00a0\u00a0\u00a0\u00a0\u00a0 TERCER\u00a0 A\u00d1O<\/strong><\/span><\/p>\n<ul>\n<li><span style=\"font-family: verdana,geneva;\">Historia y Pol\u00edtica de la Educaci\u00f3n Argentina<\/span><\/li>\n<li><span style=\"font-family: verdana,geneva;\">Pr\u00e1ctica Docente III: El Aula, Espacio del Aprender y del Ense\u00f1ar<\/span><\/li>\n<li><span style=\"font-family: verdana,geneva;\">Matem\u00e1tica y su Did\u00e1ctica II<\/span><\/li>\n<li><span style=\"font-family: verdana,geneva;\">Literatura en el Nivel Primario<\/span><\/li>\n<li><span style=\"font-family: verdana,geneva;\">Alfabetizaci\u00f3n Inicial<\/span><\/li>\n<li><span style=\"font-family: verdana,geneva;\">Ciencias Naturales y su Did\u00e1ctica II<\/span><\/li>\n<li><span style=\"font-family: verdana,geneva;\">Taller de Ciencias en la Escuela<\/span><\/li>\n<li><span style=\"font-family: verdana,geneva;\">Ciencias Sociales y su Did\u00e1ctica II<\/span><\/li>\n<li><span style=\"font-family: verdana,geneva;\">Educaci\u00f3n Art\u00edstico Expresiva<\/span><\/li>\n<li><span style=\"font-family: verdana,geneva;\">TIC y la Ense\u00f1anza en el Nivel Primario<\/span><\/li>\n<li><span style=\"font-family: verdana,geneva;\">Seminario II<\/span><\/li>\n<\/ul>\n<p><span style=\"font-family: arial black,avant garde;\"><strong>\u00a0\u00a0\u00a0\u00a0\u00a0 CUARTO A\u00d1O<\/strong><\/span><\/p>\n<ul>\n<li><span style=\"font-family: verdana,geneva;\">\u00c9tica y Construcci\u00f3n de Ciudadan\u00eda<\/span><\/li>\n<li><span style=\"font-family: verdana,geneva;\">Pr\u00e1ctica IV y Residencia: Recrear las Pr\u00e1cticas Docentes<\/span><\/li>\n<li><span style=\"font-family: verdana,geneva;\">Problem\u00e1ticas y Desaf\u00edos del Nivel Primario<\/span><\/li>\n<li><span style=\"font-family: verdana,geneva;\">Educaci\u00f3n F\u00edsica en el Nivel Primario<\/span><\/li>\n<li><span style=\"font-family: verdana,geneva;\">Educaci\u00f3n Sexual Integral<\/span><\/li>\n<\/ul>\n<p><strong><span style=\"font-family: verdana, geneva; color: #0000ff;\">\u00a0 \u00a0 \u00a0(<\/span><a href=\"https:\/\/santateresita-cba.infd.edu.ar\/sitio\/wp-content\/uploads\/2018\/08\/PLAN_DE_ESTUDIOS_PROFESORADO_DE_EDUCACION_PRIMARIA.jpg\"><span style=\"font-family: verdana, geneva; color: #0000ff;\"><span style=\"color: #0000ff;\">Copia para descargar, click aqu\u00ed<\/span><\/span><\/a><span style=\"font-family: verdana, geneva; color: #0000ff;\">)<\/span><\/strong><\/p>\n","protected":false},"excerpt":{"rendered":"<p>\u00a0 \u00a0 \u00a0 \u00a0\u00a0\u00a0PRIMER\u00a0 A\u00d1O Pedagog\u00eda Problem\u00e1ticas Socioantropol\u00f3gicas en Educaci\u00f3n Psicolog\u00eda y Educaci\u00f3n Argentina en el Mundo Contempor\u00e1neo Lenguaje Digital y Audiovisual Lenguaje Corporal Pr\u00e1ctica Docente I: Contextos y Pr\u00e1cticas Educativas Desarrollo del Pensamiento Matem\u00e1tico Oralidad, Lectura y Escritura \u00a0\u00a0\u00a0\u00a0\u00a0\u00a0 SEGUNDO\u00a0 A\u00d1O Filosof\u00eda y Educaci\u00f3n Did\u00e1ctica General Lenguaje Art\u00edstico Expresivo Pr\u00e1ctica Docente II: Escuelas, Historias &#8230; <a title=\"Plan de estudios &#8211; Profesorado de Educaci\u00f3n Primaria\" class=\"read-more\" href=\"https:\/\/santateresita-cba.infd.edu.ar\/sitio\/plan-de-estudios-2\/\" aria-label=\"More on Plan de estudios &#8211; Profesorado de Educaci\u00f3n Primaria\">[+]<\/a><\/p>\n","protected":false},"author":203,"featured_media":0,"parent":0,"menu_order":0,"comment_status":"closed","ping_status":"closed","template":"","meta":[],"acf":[],"_links":{"self":[{"href":"https:\/\/santateresita-cba.infd.edu.ar\/sitio\/wp-json\/wp\/v2\/pages\/803"}],"collection":[{"href":"https:\/\/santateresita-cba.infd.edu.ar\/sitio\/wp-json\/wp\/v2\/pages"}],"about":[{"href":"https:\/\/santateresita-cba.infd.edu.ar\/sitio\/wp-json\/wp\/v2\/types\/page"}],"author":[{"embeddable":true,"href":"https:\/\/santateresita-cba.infd.edu.ar\/sitio\/wp-json\/wp\/v2\/users\/203"}],"replies":[{"embeddable":true,"href":"https:\/\/santateresita-cba.infd.edu.ar\/sitio\/wp-json\/wp\/v2\/comments?post=803"}],"version-history":[{"count":9,"href":"https:\/\/santateresita-cba.infd.edu.ar\/sitio\/wp-json\/wp\/v2\/pages\/803\/revisions"}],"predecessor-version":[{"id":1036,"href":"https:\/\/santateresita-cba.infd.edu.ar\/sitio\/wp-json\/wp\/v2\/pages\/803\/revisions\/1036"}],"wp:attachment":[{"href":"https:\/\/santateresita-cba.infd.edu.ar\/sitio\/wp-json\/wp\/v2\/media?parent=803"}],"curies":[{"name":"wp","href":"https:\/\/api.w.org\/{rel}","templated":true}]}}