{"id":801,"date":"2018-08-30T12:29:15","date_gmt":"2018-08-30T15:29:15","guid":{"rendered":"https:\/\/santateresita-cba.infd.edu.ar\/sitio\/plan-de-estudios\/"},"modified":"2021-07-29T17:23:08","modified_gmt":"2021-07-29T20:23:08","slug":"plan-de-estudios","status":"publish","type":"page","link":"https:\/\/santateresita-cba.infd.edu.ar\/sitio\/plan-de-estudios\/","title":{"rendered":"Plan de estudios &#8211; Enfermer\u00eda Profesional"},"content":{"rendered":"\n<p><strong>&nbsp;&nbsp;&nbsp;&nbsp;&nbsp; PRIMER &nbsp;A\u00d1O<\/strong><\/p>\n\n\n\n<ul><li>Salud P\u00fablica y Epidemiolog\u00eda<\/li><li>Tecnolog\u00eda de la Informaci\u00f3n<\/li><li>Morfofisiolog\u00eda Humana<\/li><li>Ingl\u00e9s T\u00e9cnico I<\/li><li>Enfermer\u00eda en la Comunidad<\/li><li>Pr\u00e1ctica Profesionalizante I<\/li><\/ul>\n\n\n\n<p><strong>&nbsp;&nbsp;&nbsp;&nbsp;&nbsp; SEGUNDO &nbsp;A\u00d1O<\/strong><\/p>\n\n\n\n<ul><li>Nutrici\u00f3n Humana <\/li><li>Ingl\u00e9s T\u00e9cnico II<\/li><li>Antropolog\u00eda Social y Cultural<\/li><li>Enfermer\u00eda Materno Infantil y del Adolescente<\/li><li>Pr\u00e1ctica Profesionalizante II<\/li><\/ul>\n\n\n\n<p><strong>&nbsp;&nbsp;&nbsp;&nbsp;&nbsp; TERCER &nbsp;A\u00d1O<\/strong><\/p>\n\n\n\n<ul><li>Organizaci\u00f3n y Gesti\u00f3n en Salud<\/li><li>Enfermer\u00eda del Adulto y el Anciano<\/li><li>Investigaci\u00f3n y Bioestad\u00edstica en Enfermer\u00eda<\/li><li>Enfermer\u00eda en Salud Mental<\/li><li>Pr\u00e1ctica Profesionalizante II<\/li><\/ul>\n","protected":false},"excerpt":{"rendered":"<p>&nbsp;&nbsp;&nbsp;&nbsp;&nbsp; PRIMER &nbsp;A\u00d1O Salud P\u00fablica y Epidemiolog\u00eda Tecnolog\u00eda de la Informaci\u00f3n Morfofisiolog\u00eda Humana Ingl\u00e9s T\u00e9cnico I Enfermer\u00eda en la Comunidad Pr\u00e1ctica Profesionalizante I &nbsp;&nbsp;&nbsp;&nbsp;&nbsp; SEGUNDO &nbsp;A\u00d1O Nutrici\u00f3n Humana Ingl\u00e9s T\u00e9cnico II Antropolog\u00eda Social y Cultural Enfermer\u00eda Materno Infantil y del Adolescente Pr\u00e1ctica Profesionalizante II &nbsp;&nbsp;&nbsp;&nbsp;&nbsp; TERCER &nbsp;A\u00d1O Organizaci\u00f3n y Gesti\u00f3n en Salud Enfermer\u00eda del Adulto &#8230; <a title=\"Plan de estudios &#8211; Enfermer\u00eda Profesional\" class=\"read-more\" href=\"https:\/\/santateresita-cba.infd.edu.ar\/sitio\/plan-de-estudios\/\" aria-label=\"More on Plan de estudios &#8211; Enfermer\u00eda Profesional\">[+]<\/a><\/p>\n","protected":false},"author":203,"featured_media":0,"parent":0,"menu_order":0,"comment_status":"closed","ping_status":"closed","template":"","meta":[],"acf":[],"_links":{"self":[{"href":"https:\/\/santateresita-cba.infd.edu.ar\/sitio\/wp-json\/wp\/v2\/pages\/801"}],"collection":[{"href":"https:\/\/santateresita-cba.infd.edu.ar\/sitio\/wp-json\/wp\/v2\/pages"}],"about":[{"href":"https:\/\/santateresita-cba.infd.edu.ar\/sitio\/wp-json\/wp\/v2\/types\/page"}],"author":[{"embeddable":true,"href":"https:\/\/santateresita-cba.infd.edu.ar\/sitio\/wp-json\/wp\/v2\/users\/203"}],"replies":[{"embeddable":true,"href":"https:\/\/santateresita-cba.infd.edu.ar\/sitio\/wp-json\/wp\/v2\/comments?post=801"}],"version-history":[{"count":4,"href":"https:\/\/santateresita-cba.infd.edu.ar\/sitio\/wp-json\/wp\/v2\/pages\/801\/revisions"}],"predecessor-version":[{"id":1042,"href":"https:\/\/santateresita-cba.infd.edu.ar\/sitio\/wp-json\/wp\/v2\/pages\/801\/revisions\/1042"}],"wp:attachment":[{"href":"https:\/\/santateresita-cba.infd.edu.ar\/sitio\/wp-json\/wp\/v2\/media?parent=801"}],"curies":[{"name":"wp","href":"https:\/\/api.w.org\/{rel}","templated":true}]}}