{"id":778,"date":"2018-08-30T12:29:10","date_gmt":"2018-08-30T15:29:10","guid":{"rendered":"https:\/\/santateresita-cba.infd.edu.ar\/sitio\/informacion-general\/"},"modified":"2021-07-29T18:39:35","modified_gmt":"2021-07-29T21:39:35","slug":"informacion-general","status":"publish","type":"page","link":"https:\/\/santateresita-cba.infd.edu.ar\/sitio\/informacion-general\/","title":{"rendered":"Informaci\u00f3n General"},"content":{"rendered":"<h1><span style=\"background-color: #000000; color: #ffffff;\"><strong style=\"color: #00ff00; font-size: 12pt;\">Requisitos de Ingreso<\/strong><\/span><\/h1>\n<p><span style=\"font-size: 12pt;\"><strong><span style=\"text-decoration: underline;\">Requisitos de Ingreso para todas las Carreras:<\/span>\u00a0<a href=\"https:\/\/santateresita-cba.infd.edu.ar\/sitio\/wp-content\/uploads\/2021\/07\/REQUISITOS-DE-INGRESO_page-0001-1.jpg\">(descargar)<\/a><br \/>\n<\/strong><\/span><\/p>\n<p style=\"margin: 0cm; margin-bottom: .0001pt;\">-2 Fotos tipo carnet.<br \/>\n-Fotocopia de la primera y segunda hoja del DNI o fotocopia de ambas caras del nuevo DNI.<br \/>\n-Fotocopia del Certificado de Estudios Secundario (Certificado Anal\u00edtico).<br \/>\n-Partida de Nacimiento.<br \/>\n-Certificado de Buena Salud (solicitarlo original en Secretar\u00eda de la Instituci\u00f3n).<\/p>\n<p style=\"margin: 0cm; margin-bottom: .0001pt;\">-Constancia de Cuil.<br \/>\n-Asistir al Cursillo de Ambientaci\u00f3n.<\/p>\n<p><span style=\"text-decoration: underline;\"><span style=\"font-size: 12pt;\"><strong>Uniforme Femenino:<\/strong><\/span><\/span><\/p>\n<p><span style=\"font-size: 12pt;\">-Pechera (consultar en\u00a0Secretar\u00eda de la Instituci\u00f3n).<\/span><br \/>\n<span style=\"font-size: 12pt;\"> -Pollera o pantal\u00f3n de vestir y zapatos para actos.<\/span><br \/>\n<span style=\"font-size: 12pt;\"> -Pantal\u00f3n y calzado acorde a los colores del Instituto, para uso diario.<\/span><\/p>\n<p><span style=\"text-decoration: underline;\"><span style=\"font-size: 12pt;\"><strong>Uniforme Masculino:<\/strong><\/span><\/span><\/p>\n<p><span style=\"font-size: 12pt;\"><strong>&#8211;<\/strong>Pantal\u00f3n, chomba o camisa y calzado acorde a los colores del Instituto, para uso diario.<\/span><\/p>\n","protected":false},"excerpt":{"rendered":"<p>Requisitos de Ingreso Requisitos de Ingreso para todas las Carreras:\u00a0(descargar) -2 Fotos tipo carnet. -Fotocopia de la primera y segunda hoja del DNI o fotocopia de ambas caras del nuevo DNI. -Fotocopia del Certificado de Estudios Secundario (Certificado Anal\u00edtico). -Partida de Nacimiento. -Certificado de Buena Salud (solicitarlo original en Secretar\u00eda de la Instituci\u00f3n). -Constancia de &#8230; <a title=\"Informaci\u00f3n General\" class=\"read-more\" href=\"https:\/\/santateresita-cba.infd.edu.ar\/sitio\/informacion-general\/\" aria-label=\"More on Informaci\u00f3n General\">[+]<\/a><\/p>\n","protected":false},"author":203,"featured_media":0,"parent":0,"menu_order":0,"comment_status":"closed","ping_status":"closed","template":"","meta":[],"acf":[],"_links":{"self":[{"href":"https:\/\/santateresita-cba.infd.edu.ar\/sitio\/wp-json\/wp\/v2\/pages\/778"}],"collection":[{"href":"https:\/\/santateresita-cba.infd.edu.ar\/sitio\/wp-json\/wp\/v2\/pages"}],"about":[{"href":"https:\/\/santateresita-cba.infd.edu.ar\/sitio\/wp-json\/wp\/v2\/types\/page"}],"author":[{"embeddable":true,"href":"https:\/\/santateresita-cba.infd.edu.ar\/sitio\/wp-json\/wp\/v2\/users\/203"}],"replies":[{"embeddable":true,"href":"https:\/\/santateresita-cba.infd.edu.ar\/sitio\/wp-json\/wp\/v2\/comments?post=778"}],"version-history":[{"count":5,"href":"https:\/\/santateresita-cba.infd.edu.ar\/sitio\/wp-json\/wp\/v2\/pages\/778\/revisions"}],"predecessor-version":[{"id":1045,"href":"https:\/\/santateresita-cba.infd.edu.ar\/sitio\/wp-json\/wp\/v2\/pages\/778\/revisions\/1045"}],"wp:attachment":[{"href":"https:\/\/santateresita-cba.infd.edu.ar\/sitio\/wp-json\/wp\/v2\/media?parent=778"}],"curies":[{"name":"wp","href":"https:\/\/api.w.org\/{rel}","templated":true}]}}