{"id":773,"date":"2018-08-30T12:29:08","date_gmt":"2018-08-30T15:29:08","guid":{"rendered":"https:\/\/santateresita-cba.infd.edu.ar\/sitio\/enfermeria-profesional-inscripciones-abiertas-2018\/"},"modified":"2022-10-20T17:42:43","modified_gmt":"2022-10-20T20:42:43","slug":"enfermeria-profesional-inscripciones-abiertas-2018","status":"publish","type":"page","link":"https:\/\/santateresita-cba.infd.edu.ar\/sitio\/enfermeria-profesional-inscripciones-abiertas-2018\/","title":{"rendered":"Enfermer\u00eda Profesional"},"content":{"rendered":"<h2><span style=\"color: #808080;\"><strong>A T\u00e9rmino.<\/strong><\/span><\/h2>\n<p><span style=\"color: #000000; font-size: 12pt;\"><strong><span style=\"color: #993300;\"><span style=\"text-decoration: underline;\">Duraci\u00f3n<\/span>:<\/span> 3<\/strong> a\u00f1os.<\/span><\/p>\n<p><span style=\"color: #000000; font-size: 12pt;\"><strong><span style=\"color: #993300;\"><u>Modalidad<\/u>:<\/span> <\/strong>A t\u00e9rmino &#8211; Comenz\u00f3 en 2019 y termin\u00f3 en 2021\u00a0 \u00a0\u00a0<\/span><\/p>\n<p><span style=\"color: #000000; font-size: 12pt;\"><strong><span style=\"color: #993300;\"><span style=\"text-decoration: underline;\">Modalidad<\/span>:<\/span><\/strong> Presencial.<\/span><\/p>\n<p><strong><span style=\"color: #000000; font-size: 12pt;\"><span style=\"color: #993300;\"><span style=\"text-decoration: underline;\">Plan de Estudios:<\/span><\/span><\/span><\/strong>\u00a0<strong><a href=\"https:\/\/santateresita-cba.infd.edu.ar\/sitio\/plan-de-estudios\/\">descargar<\/a><a title=\"Plan de estudios Profesorado Matem\u00e1tica\" href=\"https:\/\/santateresita-cba.infd.edu.ar\/sitio\/profesorado-de-educacion-secundaria-en-matematica\/upload\/img\/PLAN_DE_ESTUDIOS_PROFESORADO_DE_EDUCACION_SECUNDARIA_EN_MATEMATICA.png\" target=\"_blank\" rel=\"noopener\">.<\/a><\/strong><\/p>\n<p><span style=\"text-decoration: underline; color: #993300; font-size: 12pt;\"><strong>Campo Ocupacional:<\/strong><\/span><\/p>\n<p style=\"text-align: justify;\"><span style=\"color: #000000; font-size: 12pt;\">El enfermero puede realizar actividades preventivas y asistenciales en las distintas \u00e1reas de atenci\u00f3n a ni\u00f1os y adultos (salud familiar y comunitaria, servicios de cl\u00ednica m\u00e9dica, pedi\u00e1trica, obst\u00e9trica y de salud mental) en hospitales y centros de salud comunitarios.<\/span><\/p>\n<p><strong><span style=\"text-decoration: underline; font-size: 12pt; color: #993300;\">Pedido de informaci\u00f3n<\/span><span style=\"text-decoration: underline; font-size: 12pt; color: #993300;\">:<\/span><a href=\"https:\/\/santateresita-cba.infd.edu.ar\/sitio\/contact-form-7-id872-titlecontacto\/\"> click ac\u00e1<\/a><\/strong><\/p>\n<p style=\"text-align: left;\"><span style=\"font-size: 12pt;\">\u00a0 \u00a0 \u00a0 \u00a0 \u00a0 \u00a0 \u00a0 \u00a0 \u00a0 \u00a0 \u00a0 \u00a0 \u00a0 \u00a0 \u00a0 \u00a0 \u00a0 \u00a0 \u00a0 \u00a0 \u00a0 \u00a0 \u00a0 \u00a0 \u00a0 \u00a0 \u00a0 \u00a0\u00a0<\/span><span class=\"fwb fcg\" style=\"text-align: center;\" data-ft=\"{\" data-mce-mark=\"1\">Seguinos en\u00a0\u00a0<\/span><span class=\"fwb fcg\" style=\"text-align: center;\" data-ft=\"{\" data-mce-mark=\"1\">\u00a0\u00a0<img decoding=\"async\" loading=\"lazy\" class=\"alignnone wp-image-989\" src=\"https:\/\/santateresita-cba.infd.edu.ar\/sitio\/wp-content\/uploads\/2021\/05\/unnamed.png\" alt=\"\" width=\"120\" height=\"64\" \/>\u00a0 \u00a0 \u00a0 \u00a0 \u00a0 \u00a0 \u00a0 \u00a0 \u00a0 \u00a0 \u00a0 \u00a0 \u00a0 \u00a0 \u00a0 \u00a0 \u00a0<\/span><a href=\"https:\/\/santateresita-cba.infd.edu.ar\/sitio\/\"><img decoding=\"async\" loading=\"lazy\" class=\"alignnone wp-image-991\" src=\"https:\/\/santateresita-cba.infd.edu.ar\/sitio\/wp-content\/uploads\/2021\/05\/Sin-t\u00edtulo.png\" alt=\"\" width=\"108\" height=\"71\" \/><\/a><span class=\"fwb fcg\" style=\"text-align: center;\" data-ft=\"{\" data-mce-mark=\"1\">\u00a0 \u00a0 \u00a0 \u00a0 \u00a0 \u00a0\u00a0\u00a0 <\/span><\/p>\n<p style=\"text-align: justify;\"><span style=\"font-family: verdana, geneva; font-size: 10pt;\"><strong>\u00a0<\/strong><\/span><\/p>\n<p style=\"text-align: justify;\"><span style=\"font-family: verdana, geneva; font-size: 10pt;\"><strong>\u00a0<\/strong><\/span><\/p>\n","protected":false},"excerpt":{"rendered":"<p>A T\u00e9rmino. Duraci\u00f3n: 3 a\u00f1os. Modalidad: A t\u00e9rmino &#8211; Comenz\u00f3 en 2019 y termin\u00f3 en 2021\u00a0 \u00a0\u00a0 Modalidad: Presencial. Plan de Estudios:\u00a0descargar. Campo Ocupacional: El enfermero puede realizar actividades preventivas y asistenciales en las distintas \u00e1reas de atenci\u00f3n a ni\u00f1os y adultos (salud familiar y comunitaria, servicios de cl\u00ednica m\u00e9dica, pedi\u00e1trica, obst\u00e9trica y de salud &#8230; <a title=\"Enfermer\u00eda Profesional\" class=\"read-more\" href=\"https:\/\/santateresita-cba.infd.edu.ar\/sitio\/enfermeria-profesional-inscripciones-abiertas-2018\/\" aria-label=\"More on Enfermer\u00eda Profesional\">[+]<\/a><\/p>\n","protected":false},"author":203,"featured_media":0,"parent":0,"menu_order":0,"comment_status":"closed","ping_status":"closed","template":"","meta":[],"acf":[],"_links":{"self":[{"href":"https:\/\/santateresita-cba.infd.edu.ar\/sitio\/wp-json\/wp\/v2\/pages\/773"}],"collection":[{"href":"https:\/\/santateresita-cba.infd.edu.ar\/sitio\/wp-json\/wp\/v2\/pages"}],"about":[{"href":"https:\/\/santateresita-cba.infd.edu.ar\/sitio\/wp-json\/wp\/v2\/types\/page"}],"author":[{"embeddable":true,"href":"https:\/\/santateresita-cba.infd.edu.ar\/sitio\/wp-json\/wp\/v2\/users\/203"}],"replies":[{"embeddable":true,"href":"https:\/\/santateresita-cba.infd.edu.ar\/sitio\/wp-json\/wp\/v2\/comments?post=773"}],"version-history":[{"count":12,"href":"https:\/\/santateresita-cba.infd.edu.ar\/sitio\/wp-json\/wp\/v2\/pages\/773\/revisions"}],"predecessor-version":[{"id":1141,"href":"https:\/\/santateresita-cba.infd.edu.ar\/sitio\/wp-json\/wp\/v2\/pages\/773\/revisions\/1141"}],"wp:attachment":[{"href":"https:\/\/santateresita-cba.infd.edu.ar\/sitio\/wp-json\/wp\/v2\/media?parent=773"}],"curies":[{"name":"wp","href":"https:\/\/api.w.org\/{rel}","templated":true}]}}