{"id":771,"date":"2018-08-30T12:29:07","date_gmt":"2018-08-30T15:29:07","guid":{"rendered":"https:\/\/santateresita-cba.infd.edu.ar\/sitio\/profesorado-de-educacion-tecnologica-inscripciones-abiertas-2018\/"},"modified":"2022-10-20T17:12:12","modified_gmt":"2022-10-20T20:12:12","slug":"profesorado-de-educacion-tecnologica-inscripciones-abiertas-2018","status":"publish","type":"page","link":"https:\/\/santateresita-cba.infd.edu.ar\/sitio\/profesorado-de-educacion-tecnologica-inscripciones-abiertas-2018\/","title":{"rendered":"Profesorado de Educaci\u00f3n Tecnol\u00f3gica"},"content":{"rendered":"<header class=\"entry-header\">\n<h6 class=\"entry-title\"><span style=\"color: #993300;\"><strong>Duraci\u00f3n:<\/strong><\/span><span style=\"font-size: inherit;\">\u00a04 a\u00f1os.\u00a0 \u00a0\u00a0<\/span><\/h6>\n<\/header>\n<div class=\"entry-content\">\n<p><span style=\"color: #993300;\"><strong>Modalidad:<\/strong><\/span> A t\u00e9rmino. Inici\u00f3 en 2022, est\u00e1 en curso.\u00a0 \u00a0 \u00a0 \u00a0 \u00a0 \u00a0 \u00a0 \u00a0 \u00a0 \u00a0 \u00a0 \u00a0 \u00a0 \u00a0 \u00a0 \u00a0 \u00a0 \u00a0 \u00a0<strong>\u00a0<\/strong><\/p>\n<p><span style=\"color: #993300;\"><strong>Forma de cursado:<\/strong><\/span>\u00a0Presencial.<\/p>\n<p><span style=\"color: #993300;\"><strong>Plan de Estudios:<\/strong><\/span>\u00a0<strong><a href=\"https:\/\/santateresita-cba.infd.edu.ar\/sitio\/wp-content\/uploads\/2018\/08\/PLAN_DE_ESTUDIOS_PROFESORADO_DE_EDUCACION_TECNOLOGICA.png\">descargar<\/a><a title=\"Plan de estudios Profesorado Matem\u00e1tica\" href=\"https:\/\/santateresita-cba.infd.edu.ar\/sitio\/profesorado-de-educacion-secundaria-en-matematica\/upload\/img\/PLAN_DE_ESTUDIOS_PROFESORADO_DE_EDUCACION_SECUNDARIA_EN_MATEMATICA.png\" target=\"_blank\" rel=\"noopener\">.<\/a><\/strong><\/p>\n<p><span style=\"color: #993300;\"><strong><u>Campo ocupacional:<\/u><\/strong><\/span><\/p>\n<\/div>\n<p><span style=\"font-size: 12pt;\">\u00a0El Profesor de Educaci\u00f3n Tecnol\u00f3gica est\u00e1 capacitado para \u201calfabetizar\u201d tecnol\u00f3gicamente a sus alumnos, desarrollando en ellos las competencias y habilidades que requiere el complejo y cambiante mundo en que vivimos.<\/span><\/p>\n<p><strong><span style=\"color: #993300;\">Pedido de informaci\u00f3n:<\/span><a href=\"https:\/\/santateresita-cba.infd.edu.ar\/sitio\/contact-form-7-id872-titlecontacto\/\">\u00a0click ac\u00e1<\/a><\/strong><\/p>\n<p><strong><span style=\"color: #993300;\">Para inscribirte en el Profesorado:<\/span><a href=\"https:\/\/santateresita-cba.infd.edu.ar\/sitio\/solicitud-de-inscripcion\/\">\u00a0click ac\u00e1<\/a><\/strong><\/p>\n<p>\u00a0 \u00a0 \u00a0 \u00a0 \u00a0 \u00a0 \u00a0 \u00a0 \u00a0 \u00a0 \u00a0 \u00a0 \u00a0 \u00a0 \u00a0 \u00a0 \u00a0 \u00a0 \u00a0 \u00a0 \u00a0 \u00a0 \u00a0 \u00a0 \u00a0 \u00a0 \u00a0 \u00a0\u00a0<span class=\"fwb fcg\" data-ft=\"{\" data-mce-mark=\"1\">Seguinos en\u00a0\u00a0<\/span><span class=\"fwb fcg\" data-ft=\"{\" data-mce-mark=\"1\">\u00a0\u00a0<img decoding=\"async\" loading=\"lazy\" class=\"alignnone wp-image-989\" src=\"https:\/\/santateresita-cba.infd.edu.ar\/sitio\/wp-content\/uploads\/2021\/05\/unnamed.png\" alt=\"\" width=\"120\" height=\"64\" \/>\u00a0 \u00a0 \u00a0 \u00a0 \u00a0 \u00a0 \u00a0 \u00a0 \u00a0 \u00a0 \u00a0 \u00a0 \u00a0 \u00a0 \u00a0 \u00a0 \u00a0<\/span><a href=\"https:\/\/santateresita-cba.infd.edu.ar\/sitio\/\"><img decoding=\"async\" loading=\"lazy\" class=\"alignnone wp-image-991\" src=\"https:\/\/santateresita-cba.infd.edu.ar\/sitio\/wp-content\/uploads\/2021\/05\/Sin-t%C3%ADtulo.png\" alt=\"\" width=\"108\" height=\"71\" \/><\/a><\/p>\n<p>\u00a0<\/p>\n\n\n<p><\/p>\n","protected":false},"excerpt":{"rendered":"<p>Duraci\u00f3n:\u00a04 a\u00f1os.\u00a0 \u00a0\u00a0 Modalidad: A t\u00e9rmino. Inici\u00f3 en 2022, est\u00e1 en curso.\u00a0 \u00a0 \u00a0 \u00a0 \u00a0 \u00a0 \u00a0 \u00a0 \u00a0 \u00a0 \u00a0 \u00a0 \u00a0 \u00a0 \u00a0 \u00a0 \u00a0 \u00a0 \u00a0\u00a0 Forma de cursado:\u00a0Presencial. Plan de Estudios:\u00a0descargar. Campo ocupacional: \u00a0El Profesor de Educaci\u00f3n Tecnol\u00f3gica est\u00e1 capacitado para \u201calfabetizar\u201d tecnol\u00f3gicamente a sus alumnos, desarrollando en ellos las &#8230; <a title=\"Profesorado de Educaci\u00f3n Tecnol\u00f3gica\" class=\"read-more\" href=\"https:\/\/santateresita-cba.infd.edu.ar\/sitio\/profesorado-de-educacion-tecnologica-inscripciones-abiertas-2018\/\" aria-label=\"More on Profesorado de Educaci\u00f3n Tecnol\u00f3gica\">[+]<\/a><\/p>\n","protected":false},"author":203,"featured_media":0,"parent":0,"menu_order":0,"comment_status":"closed","ping_status":"closed","template":"","meta":[],"acf":[],"_links":{"self":[{"href":"https:\/\/santateresita-cba.infd.edu.ar\/sitio\/wp-json\/wp\/v2\/pages\/771"}],"collection":[{"href":"https:\/\/santateresita-cba.infd.edu.ar\/sitio\/wp-json\/wp\/v2\/pages"}],"about":[{"href":"https:\/\/santateresita-cba.infd.edu.ar\/sitio\/wp-json\/wp\/v2\/types\/page"}],"author":[{"embeddable":true,"href":"https:\/\/santateresita-cba.infd.edu.ar\/sitio\/wp-json\/wp\/v2\/users\/203"}],"replies":[{"embeddable":true,"href":"https:\/\/santateresita-cba.infd.edu.ar\/sitio\/wp-json\/wp\/v2\/comments?post=771"}],"version-history":[{"count":9,"href":"https:\/\/santateresita-cba.infd.edu.ar\/sitio\/wp-json\/wp\/v2\/pages\/771\/revisions"}],"predecessor-version":[{"id":1133,"href":"https:\/\/santateresita-cba.infd.edu.ar\/sitio\/wp-json\/wp\/v2\/pages\/771\/revisions\/1133"}],"wp:attachment":[{"href":"https:\/\/santateresita-cba.infd.edu.ar\/sitio\/wp-json\/wp\/v2\/media?parent=771"}],"curies":[{"name":"wp","href":"https:\/\/api.w.org\/{rel}","templated":true}]}}