{"id":769,"date":"2018-08-30T12:29:06","date_gmt":"2018-08-30T15:29:06","guid":{"rendered":"https:\/\/santateresita-cba.infd.edu.ar\/sitio\/profesorado-de-educacion-inicial-inscripciones-abiertas-2018\/"},"modified":"2022-11-28T19:54:00","modified_gmt":"2022-11-28T22:54:00","slug":"__trashed","status":"publish","type":"page","link":"https:\/\/santateresita-cba.infd.edu.ar\/sitio\/__trashed\/","title":{"rendered":"Profesorado de Educaci\u00f3n Inicial"},"content":{"rendered":"<p><a title=\"Solicitud de Inscripci\u00f3n\" href=\"index.cgi?wid_form=1&amp;wid_item=19&amp;wid_seccion=4\"><span style=\"color: #ff6600; font-size: 12pt;\"><span style=\"font-size: 14pt;\"><img decoding=\"async\" style=\"float: right;\" src=\"http:\/\/www.caninadenavarra.com\/wp-content\/uploads\/2015\/06\/inscripciones2.gif\" border=\"0\" \/><\/span><\/span><\/a><\/p>\n<p><span style=\"color: #993366;\"><strong><u>Duraci\u00f3n<\/u><\/strong><\/span><span style=\"color: black;\"><span style=\"color: #993366;\"><strong>:<\/strong><\/span> 4 a\u00f1os.<\/span><\/p>\n<p><span style=\"color: #993366;\"><strong><u>Modalidad<\/u><\/strong><\/span><span style=\"color: black;\"><span style=\"color: #993366;\"><strong>: <\/strong><\/span><\/span>\u00a0Presencial. A t\u00e9rmino. Finaliza en 2022.<\/p>\n<p><span style=\"color: #993366;\"><strong><u>Cursado<\/u><\/strong><\/span><span style=\"color: black;\"><span style=\"color: #993366;\"><strong>:<\/strong> <\/span>de Lunes a Viernes de 16\u00a0a 20,30 hs.<\/span><\/p>\n<p><span style=\"color: #993366;\"><strong><u>Plan de Estudios<\/u>:<\/strong><\/span>\u00a0<a href=\"https:\/\/santateresita-cba.infd.edu.ar\/sitio\/wp-content\/uploads\/2018\/08\/PLAN_DE_ESTUDIOS_PROFESORADO_DE_EDUCACION_INICIAL.png\"><strong>descargar<\/strong><\/a><\/p>\n<p><span style=\"color: #993366;\"><strong><u>Campo Ocupacional:<\/u><\/strong><\/span><\/p>\n<p>Esta carrera te permitir\u00e1 ejercer la docencia en el <strong>Nivel Inicial<\/strong>, esto es, Jardines Maternales y Jardines de Infantes del \u00e1mbito p\u00fablico y privado. El <strong>Profesor de Educaci\u00f3n Inicial<\/strong> est\u00e1 capacitado para planificar, conducir y evaluar acciones y propuestas educativas para este Nivel, participar activamente en el dise\u00f1o e implementaci\u00f3n del proyecto institucional dentro de su \u00e1mbito de desempe\u00f1o; organizar la participaci\u00f3n de la comunidad en torno a actividades educativas, culturales y recreativas que promuevan el desarrollo infantil integral y promover acciones que propicien la integraci\u00f3n e igualdad de oportunidades a los ni\u00f1os atendiendo a la diversidad.<\/p>\n<p><strong><span style=\"color: #993366;\"><span style=\"text-decoration: underline; font-size: 12pt;\">Pedido de informaci\u00f3<\/span><span style=\"text-decoration: underline; font-size: 12pt;\">n:<\/span><\/span><a href=\"https:\/\/santateresita-cba.infd.edu.ar\/sitio\/contact-form-7-id872-titlecontacto\/\"> click ac\u00e1<\/a><\/strong><\/p>\n<p><span class=\"fwb fcg\" data-ft=\"{\" data-mce-mark=\"1\">\u00a0 \u00a0 \u00a0 \u00a0 \u00a0 \u00a0 \u00a0 \u00a0 \u00a0 \u00a0 \u00a0 \u00a0 \u00a0 \u00a0 \u00a0 \u00a0 \u00a0 \u00a0 \u00a0 \u00a0 \u00a0 \u00a0 \u00a0 \u00a0 \u00a0 \u00a0 \u00a0 \u00a0 \u00a0Seguinos en<\/span><span class=\"fwb fcg\" data-ft=\"{\" data-mce-mark=\"1\">\u00a0\u00a0<span class=\"fwb fcg\" style=\"text-align: center;\" data-ft=\"{\" data-mce-mark=\"1\"><img decoding=\"async\" loading=\"lazy\" class=\"alignnone wp-image-989\" src=\"https:\/\/santateresita-cba.infd.edu.ar\/sitio\/wp-content\/uploads\/2021\/05\/unnamed.png\" alt=\"\" width=\"120\" height=\"64\" \/>\u00a0 \u00a0 \u00a0 \u00a0 \u00a0 \u00a0 \u00a0 \u00a0 \u00a0 \u00a0 \u00a0 \u00a0 \u00a0 \u00a0 \u00a0 \u00a0 \u00a0 \u00a0 \u00a0 \u00a0<a href=\"https:\/\/santateresita-cba.infd.edu.ar\/sitio\/\"><img decoding=\"async\" loading=\"lazy\" class=\"alignnone wp-image-991\" src=\"https:\/\/santateresita-cba.infd.edu.ar\/sitio\/wp-content\/uploads\/2021\/05\/Sin-t\u00edtulo.png\" alt=\"\" width=\"108\" height=\"71\" \/><\/a><\/span><\/span><\/p>\n<div style=\"visibility: visible; width: 540px; margin: auto;\">\n<p style=\"margin-top: 10px; height: 24px; width: 540px; text-align: center;\"><span style=\"font-size: 12pt;\"><span style=\"color: #0000ff;\"><span class=\"fwb fcg\" data-ft=\"{\"><span class=\"fwb fcg\" data-ft=\"{\">\u00a0<\/span><\/span><\/span><\/span><\/p>\n<\/div>\n","protected":false},"excerpt":{"rendered":"<p>Duraci\u00f3n: 4 a\u00f1os. Modalidad: \u00a0Presencial. A t\u00e9rmino. Finaliza en 2022. Cursado: de Lunes a Viernes de 16\u00a0a 20,30 hs. Plan de Estudios:\u00a0descargar Campo Ocupacional: Esta carrera te permitir\u00e1 ejercer la docencia en el Nivel Inicial, esto es, Jardines Maternales y Jardines de Infantes del \u00e1mbito p\u00fablico y privado. El Profesor de Educaci\u00f3n Inicial est\u00e1 capacitado &#8230; <a title=\"Profesorado de Educaci\u00f3n Inicial\" class=\"read-more\" href=\"https:\/\/santateresita-cba.infd.edu.ar\/sitio\/__trashed\/\" aria-label=\"More on Profesorado de Educaci\u00f3n Inicial\">[+]<\/a><\/p>\n","protected":false},"author":203,"featured_media":0,"parent":0,"menu_order":0,"comment_status":"closed","ping_status":"closed","template":"","meta":[],"acf":[],"_links":{"self":[{"href":"https:\/\/santateresita-cba.infd.edu.ar\/sitio\/wp-json\/wp\/v2\/pages\/769"}],"collection":[{"href":"https:\/\/santateresita-cba.infd.edu.ar\/sitio\/wp-json\/wp\/v2\/pages"}],"about":[{"href":"https:\/\/santateresita-cba.infd.edu.ar\/sitio\/wp-json\/wp\/v2\/types\/page"}],"author":[{"embeddable":true,"href":"https:\/\/santateresita-cba.infd.edu.ar\/sitio\/wp-json\/wp\/v2\/users\/203"}],"replies":[{"embeddable":true,"href":"https:\/\/santateresita-cba.infd.edu.ar\/sitio\/wp-json\/wp\/v2\/comments?post=769"}],"version-history":[{"count":15,"href":"https:\/\/santateresita-cba.infd.edu.ar\/sitio\/wp-json\/wp\/v2\/pages\/769\/revisions"}],"predecessor-version":[{"id":1145,"href":"https:\/\/santateresita-cba.infd.edu.ar\/sitio\/wp-json\/wp\/v2\/pages\/769\/revisions\/1145"}],"wp:attachment":[{"href":"https:\/\/santateresita-cba.infd.edu.ar\/sitio\/wp-json\/wp\/v2\/media?parent=769"}],"curies":[{"name":"wp","href":"https:\/\/api.w.org\/{rel}","templated":true}]}}