{"id":767,"date":"2018-08-30T12:29:06","date_gmt":"2018-08-30T15:29:06","guid":{"rendered":"https:\/\/santateresita-cba.infd.edu.ar\/sitio\/profesorado-de-educacion-primaria-inscripciones-abiertas-2018\/"},"modified":"2025-03-11T20:24:08","modified_gmt":"2025-03-11T23:24:08","slug":"profesorado-de-educacion-primaria-inscripciones-abiertas-2020","status":"publish","type":"page","link":"https:\/\/santateresita-cba.infd.edu.ar\/sitio\/profesorado-de-educacion-primaria-inscripciones-abiertas-2020\/","title":{"rendered":"Profesorado de Educaci\u00f3n Primaria"},"content":{"rendered":"\n<h2 class=\"wp-block-heading\"><span style=\"color: #339966;\">\u00a1\u00a1\u00a1Inscripciones Abiertas 2025!!!<\/span><\/h2>\n\n\n\n<h2 class=\"wp-block-heading\"><strong>(Inicia en Abril 2025)<\/strong><\/h2>\n\n\n\n<p><span style=\"font-size: 12pt;\"><strong><span style=\"text-decoration: underline; color: #993300;\">Duraci\u00f3n<\/span><\/strong><span style=\"color: #000000;\"><strong><span style=\"color: #993300;\">:<\/span><\/strong> 4 a\u00f1os.<\/span><\/span><\/p>\n\n\n\n<p><span style=\"font-size: 12pt; color: #000000;\"><strong><span style=\"color: #993300;\"><span style=\"text-decoration: underline;\">Cursado<\/span>:<\/span> <\/strong>de Lunes a Viernes de 16 a 20:30 hs.<\/span><\/p>\n\n\n\n<p><span style=\"font-size: 12pt; color: #000000;\"><strong><span style=\"color: #993300;\"><span style=\"text-decoration: underline;\">Modalidad<\/span>:<\/span><\/strong> Presencial.<\/span><\/p>\n\n\n\n<p><span style=\"font-size: 12pt;\"><span style=\"color: #993300;\"><strong><span style=\"text-decoration: underline;\">Plan de Estudios<\/span>:<\/strong><\/span> <a href=\"https:\/\/santateresita-cba.infd.edu.ar\/sitio\/wp-content\/uploads\/2018\/08\/PLAN_DE_ESTUDIOS_PROFESORADO_DE_EDUCACION_PRIMARIA.jpg\"><strong><span style=\"color: #0000ff;\">descargar<\/span><\/strong><\/a><\/span><\/p>\n\n\n\n<p><span style=\"text-decoration: underline; font-size: 12pt; color: #993300;\"><strong>Campo Ocupacional:<\/strong><\/span><\/p>\n\n\n\n<p>El&nbsp;<strong>Profesorado en Educaci\u00f3n Primaria&nbsp;<\/strong>es una<strong>&nbsp;<\/strong>carrera de grado de cuatro a\u00f1os de duraci\u00f3n. Con este t\u00edtulo, los egresados podr\u00e1n ejercer la docencia en instituciones de nivel primario y adultos, e<span style=\"font-size: 12pt; color: #000000;\">n escuelas primarias urbanas y rurales, diurnas y nocturnas y en centros de alfabetizaci\u00f3n.<\/span>&nbsp;<span style=\"font-size: 12pt;\">&nbsp;<\/span><\/p>\n\n\n\n<p>El egresado del&nbsp;<strong>Profesorado en Educaci\u00f3n Primaria<\/strong>&nbsp;lograr\u00e1 tener la capacidad de innovaci\u00f3n en las pr\u00e1cticas educativas, la habilidad para enfrentar el desaf\u00edo de la diversidad en el aula, destreza en el manejo de grupo y ser referente en la comunidad educativa en la que se inserta.<\/p>\n\n\n\n<p><strong><span style=\"text-decoration: underline; font-size: 12pt; color: #993300;\">Pedido de informaci\u00f3n<\/span><span style=\"text-decoration: underline; font-size: 12pt; color: #993300;\">:<\/span><a href=\"https:\/\/santateresita-cba.infd.edu.ar\/sitio\/contact-form-7-id872-titlecontacto\/\"> click ac\u00e1<\/a><\/strong><\/p>\n\n\n\n<p><strong><span style=\"text-decoration: underline; font-size: 12pt; color: #993300;\">Para inscribirte en el Profesorado<\/span><span style=\"text-decoration: underline; font-size: 12pt; color: #993300;\">:<\/span><a href=\"https:\/\/santateresita-cba.infd.edu.ar\/sitio\/pedido-de-informacion-2\/\"> click ac\u00e1<\/a><\/strong><\/p>\n\n\n\n<p class=\"has-text-align-left\"><span style=\"font-size: 12pt;\">&nbsp; &nbsp; &nbsp; &nbsp; &nbsp; &nbsp; &nbsp; &nbsp; &nbsp; &nbsp; &nbsp; &nbsp; &nbsp; &nbsp; &nbsp; &nbsp; &nbsp; &nbsp; &nbsp; &nbsp; &nbsp; &nbsp; &nbsp; &nbsp; &nbsp; &nbsp; &nbsp; &nbsp;&nbsp;<\/span><span class=\"fwb fcg\" style=\"text-align: center;\" data-ft=\"{\" data-mce-mark=\"1\">Seguinos en&nbsp;&nbsp;<\/span><span class=\"fwb fcg\" style=\"text-align: center;\" data-ft=\"{\" data-mce-mark=\"1\">&nbsp;&nbsp;<img decoding=\"async\" loading=\"lazy\" class=\"alignnone wp-image-989\" src=\"https:\/\/santateresita-cba.infd.edu.ar\/sitio\/wp-content\/uploads\/2021\/05\/unnamed.png\" alt=\"\" width=\"120\" height=\"64\">&nbsp; &nbsp; &nbsp; &nbsp; &nbsp; &nbsp; &nbsp; &nbsp; &nbsp; &nbsp; &nbsp; &nbsp; &nbsp; &nbsp; &nbsp; &nbsp; &nbsp;<\/span><a href=\"https:\/\/santateresita-cba.infd.edu.ar\/sitio\/\"><img decoding=\"async\" loading=\"lazy\" class=\"alignnone wp-image-991\" src=\"https:\/\/santateresita-cba.infd.edu.ar\/sitio\/wp-content\/uploads\/2021\/05\/Sin-t\u00edtulo.png\" alt=\"\" width=\"108\" height=\"71\"><\/a><span class=\"fwb fcg\" style=\"text-align: center;\" data-ft=\"{\" data-mce-mark=\"1\">&nbsp; &nbsp; &nbsp; &nbsp; &nbsp; &nbsp;&nbsp;&nbsp; &nbsp; &nbsp; &nbsp; &nbsp; &nbsp;<\/span><span class=\"fwb fcg\" style=\"text-align: center;\" data-ft=\"{\" data-mce-mark=\"1\">&nbsp; &nbsp;&nbsp;<\/span><\/p>\n","protected":false},"excerpt":{"rendered":"<p>\u00a1\u00a1\u00a1Inscripciones Abiertas 2025!!! (Inicia en Abril 2025) Duraci\u00f3n: 4 a\u00f1os. Cursado: de Lunes a Viernes de 16 a 20:30 hs. Modalidad: Presencial. Plan de Estudios: descargar Campo Ocupacional: El&nbsp;Profesorado en Educaci\u00f3n Primaria&nbsp;es una&nbsp;carrera de grado de cuatro a\u00f1os de duraci\u00f3n. Con este t\u00edtulo, los egresados podr\u00e1n ejercer la docencia en instituciones de nivel primario y &#8230; <a title=\"Profesorado de Educaci\u00f3n Primaria\" class=\"read-more\" href=\"https:\/\/santateresita-cba.infd.edu.ar\/sitio\/profesorado-de-educacion-primaria-inscripciones-abiertas-2020\/\" aria-label=\"More on Profesorado de Educaci\u00f3n Primaria\">[+]<\/a><\/p>\n","protected":false},"author":203,"featured_media":0,"parent":0,"menu_order":0,"comment_status":"closed","ping_status":"closed","template":"","meta":[],"acf":[],"_links":{"self":[{"href":"https:\/\/santateresita-cba.infd.edu.ar\/sitio\/wp-json\/wp\/v2\/pages\/767"}],"collection":[{"href":"https:\/\/santateresita-cba.infd.edu.ar\/sitio\/wp-json\/wp\/v2\/pages"}],"about":[{"href":"https:\/\/santateresita-cba.infd.edu.ar\/sitio\/wp-json\/wp\/v2\/types\/page"}],"author":[{"embeddable":true,"href":"https:\/\/santateresita-cba.infd.edu.ar\/sitio\/wp-json\/wp\/v2\/users\/203"}],"replies":[{"embeddable":true,"href":"https:\/\/santateresita-cba.infd.edu.ar\/sitio\/wp-json\/wp\/v2\/comments?post=767"}],"version-history":[{"count":28,"href":"https:\/\/santateresita-cba.infd.edu.ar\/sitio\/wp-json\/wp\/v2\/pages\/767\/revisions"}],"predecessor-version":[{"id":1164,"href":"https:\/\/santateresita-cba.infd.edu.ar\/sitio\/wp-json\/wp\/v2\/pages\/767\/revisions\/1164"}],"wp:attachment":[{"href":"https:\/\/santateresita-cba.infd.edu.ar\/sitio\/wp-json\/wp\/v2\/media?parent=767"}],"curies":[{"name":"wp","href":"https:\/\/api.w.org\/{rel}","templated":true}]}}