{"id":765,"date":"2018-08-30T12:29:05","date_gmt":"2018-08-30T15:29:05","guid":{"rendered":"https:\/\/santateresita-cba.infd.edu.ar\/sitio\/profesorado-de-educacion-secundaria-en-biologia-inscripciones-abiertas-2018\/"},"modified":"2021-11-24T16:34:46","modified_gmt":"2021-11-24T19:34:46","slug":"profesorado-de-educacion-secundaria-en-biologia-inscripciones-abiertas-2018","status":"publish","type":"page","link":"https:\/\/santateresita-cba.infd.edu.ar\/sitio\/profesorado-de-educacion-secundaria-en-biologia-inscripciones-abiertas-2018\/","title":{"rendered":"Profesorado de Educaci\u00f3n Secundaria en Biolog\u00eda"},"content":{"rendered":"<h2><span style=\"color: #808080;\"><strong>A T\u00e9rmino.\u00a0<\/strong><\/span><\/h2>\n<p><span style=\"font-size: 12pt;\"><strong><span style=\"color: #993300;\"><span style=\"text-decoration: underline;\">Duraci\u00f3n<\/span>:<\/span><\/strong> 4 a\u00f1os. \u00a0 \u00a0<\/span><\/p>\n<p><span style=\"font-size: 12pt;\"><span style=\"font-size: 12pt;\"><strong><span style=\"text-decoration: underline; color: #993300;\">Modalidad<\/span><\/strong>: A t\u00e9rmino &#8211; Comenz\u00f3 en 2018 y termina en 2021 \u00a0<\/span><span style=\"font-size: 12pt;\">\u00a0 \u00a0 \u00a0 \u00a0 \u00a0 \u00a0 \u00a0 \u00a0 \u00a0 \u00a0 \u00a0<strong><span style=\"color: #ff0000;\">\u00a0<\/span><\/strong><\/span><\/span><\/p>\n<p><span style=\"font-size: 12pt;\"><strong><span style=\"color: #993300;\"><span style=\"text-decoration: underline;\">Forma de cursado<\/span>:<\/span><\/strong> Presencial.<\/span><\/p>\n<p><strong><span style=\"font-size: 12pt;\"><span style=\"color: #993300;\"><span style=\"text-decoration: underline;\">Plan de Estudios<\/span><\/span><\/span>:<\/strong>\u00a0<a href=\"https:\/\/santateresita-cba.infd.edu.ar\/sitio\/wp-content\/uploads\/2018\/08\/PLAN_DE_ESTUDIOS_PROFESORADO_DE_BIOLOGIA.png\"><strong>descargar<\/strong><\/a><\/p>\n<p><span style=\"font-size: 12pt;\"><strong><span style=\"color: #993300;\"><span style=\"text-decoration: underline;\">Campo Ocupacional<\/span>:<\/span><\/strong>\u00a0El Profesor de Educaci\u00f3n Secundaria en Biolog\u00eda, puede ejercer la docencia en el nivel medio en las asignaturas espec\u00edficas y en asignaturas afines. Realizando posgrados y especializaci\u00f3n acorde, puede ingresar a la docencia en el Nivel Superior.<\/span><\/p>\n<p><strong><span style=\"text-decoration: underline; font-size: 12pt; color: #993300;\">Pedido de informaci\u00f3n<\/span><span style=\"text-decoration: underline; font-size: 12pt; color: #993300;\">:<\/span><a href=\"https:\/\/santateresita-cba.infd.edu.ar\/sitio\/contact-form-7-id872-titlecontacto\/\"> click ac\u00e1<\/a><\/strong><\/p>\n<p><span style=\"text-align: center;\">\u00a0 \u00a0 \u00a0 \u00a0 \u00a0 \u00a0 \u00a0 \u00a0 \u00a0 \u00a0 \u00a0 \u00a0 \u00a0 \u00a0 \u00a0 \u00a0 \u00a0 \u00a0 \u00a0 \u00a0 \u00a0 \u00a0 \u00a0 \u00a0 \u00a0 \u00a0 \u00a0Seguinos en<\/span><span class=\"fwb fcg\" style=\"text-align: center;\" data-ft=\"{\" data-mce-mark=\"1\"><img decoding=\"async\" loading=\"lazy\" class=\"alignnone wp-image-989\" src=\"https:\/\/santateresita-cba.infd.edu.ar\/sitio\/wp-content\/uploads\/2021\/05\/unnamed.png\" alt=\"\" width=\"120\" height=\"64\" \/>\u00a0 \u00a0 \u00a0 \u00a0 \u00a0 \u00a0 \u00a0 \u00a0 \u00a0 \u00a0 \u00a0 \u00a0 \u00a0 \u00a0 \u00a0 \u00a0 \u00a0 \u00a0 \u00a0 \u00a0\u00a0<a href=\"https:\/\/santateresita-cba.infd.edu.ar\/sitio\/\"><img decoding=\"async\" loading=\"lazy\" class=\"alignnone wp-image-991\" src=\"https:\/\/santateresita-cba.infd.edu.ar\/sitio\/wp-content\/uploads\/2021\/05\/Sin-t\u00edtulo.png\" alt=\"\" width=\"108\" height=\"71\" \/><\/a><\/span><\/p>\n","protected":false},"excerpt":{"rendered":"<p>A T\u00e9rmino.\u00a0 Duraci\u00f3n: 4 a\u00f1os. \u00a0 \u00a0 Modalidad: A t\u00e9rmino &#8211; Comenz\u00f3 en 2018 y termina en 2021 \u00a0\u00a0 \u00a0 \u00a0 \u00a0 \u00a0 \u00a0 \u00a0 \u00a0 \u00a0 \u00a0 \u00a0\u00a0 Forma de cursado: Presencial. Plan de Estudios:\u00a0descargar Campo Ocupacional:\u00a0El Profesor de Educaci\u00f3n Secundaria en Biolog\u00eda, puede ejercer la docencia en el nivel medio en las asignaturas &#8230; <a title=\"Profesorado de Educaci\u00f3n Secundaria en Biolog\u00eda\" class=\"read-more\" href=\"https:\/\/santateresita-cba.infd.edu.ar\/sitio\/profesorado-de-educacion-secundaria-en-biologia-inscripciones-abiertas-2018\/\" aria-label=\"More on Profesorado de Educaci\u00f3n Secundaria en Biolog\u00eda\">[+]<\/a><\/p>\n","protected":false},"author":203,"featured_media":0,"parent":0,"menu_order":0,"comment_status":"closed","ping_status":"closed","template":"","meta":[],"acf":[],"_links":{"self":[{"href":"https:\/\/santateresita-cba.infd.edu.ar\/sitio\/wp-json\/wp\/v2\/pages\/765"}],"collection":[{"href":"https:\/\/santateresita-cba.infd.edu.ar\/sitio\/wp-json\/wp\/v2\/pages"}],"about":[{"href":"https:\/\/santateresita-cba.infd.edu.ar\/sitio\/wp-json\/wp\/v2\/types\/page"}],"author":[{"embeddable":true,"href":"https:\/\/santateresita-cba.infd.edu.ar\/sitio\/wp-json\/wp\/v2\/users\/203"}],"replies":[{"embeddable":true,"href":"https:\/\/santateresita-cba.infd.edu.ar\/sitio\/wp-json\/wp\/v2\/comments?post=765"}],"version-history":[{"count":8,"href":"https:\/\/santateresita-cba.infd.edu.ar\/sitio\/wp-json\/wp\/v2\/pages\/765\/revisions"}],"predecessor-version":[{"id":1110,"href":"https:\/\/santateresita-cba.infd.edu.ar\/sitio\/wp-json\/wp\/v2\/pages\/765\/revisions\/1110"}],"wp:attachment":[{"href":"https:\/\/santateresita-cba.infd.edu.ar\/sitio\/wp-json\/wp\/v2\/media?parent=765"}],"curies":[{"name":"wp","href":"https:\/\/api.w.org\/{rel}","templated":true}]}}