{"id":286,"date":"2016-10-31T13:17:59","date_gmt":"2016-10-31T16:17:59","guid":{"rendered":"https:\/\/santateresita-cba.infd.edu.ar\/sitio\/?page_id=286"},"modified":"2023-03-14T20:52:46","modified_gmt":"2023-03-14T23:52:46","slug":"inicio","status":"publish","type":"page","link":"https:\/\/santateresita-cba.infd.edu.ar\/sitio\/","title":{"rendered":"Inicio"},"content":{"rendered":"<h1 style=\"text-align: center;\"><span style=\"color: #800080;\"><strong><img decoding=\"async\" src=\"https:\/\/santateresita-cba.infd.edu.ar\/sitio\/wp-content\/uploads\/2018\/08\/escudo_achicado-1.jpg\" alt=\"Instituto Superior &quot;Santa Teresita&quot; - Balnearia - C\u00f3rdoba\" \/><\/strong><\/span><\/h1>\n<h1 style=\"text-align: center;\"><span style=\"color: #800080;\"><strong>Instituto Superior\u00a0<\/strong><\/span><\/h1>\n<h1 style=\"text-align: center;\"><span style=\"color: #800080;\" data-mce-mark=\"1\"><strong>\u201cSANTA TERESITA\u201d<\/strong><\/span><\/h1>\n<p><img decoding=\"async\" loading=\"lazy\" class=\"wp-image-1049 aligncenter\" src=\"https:\/\/santateresita-cba.infd.edu.ar\/sitio\/wp-content\/uploads\/2021\/08\/c59ad9ff-1f46-4139-aede-29e9fb2add7d-1000x750.jpg\" alt=\"\" width=\"734\" height=\"555\" \/><\/p>\n<p>&nbsp;<\/p>\n<h5 style=\"text-align: center;\" align=\"center\"><span style=\"font-family: 'Bookman Old Style','serif';\">San Jos\u00e9 16 -Balnearia &#8211; C\u00f3rdoba &#8211; Tel. Fijo: 03563-420252 <\/span><\/h5>\n<h5 style=\"text-align: center;\" align=\"center\"><span style=\"font-family: 'Bookman Old Style','serif';\">(Horario de atenci\u00f3n, de lunes a viernes de 16 a 20.30 hs)<\/span><\/h5>\n<h1>\u00a0<\/h1>\n<blockquote>\n<h1 style=\"text-align: center;\"><span style=\"color: #76b8b0;\">Bienvenidos<\/span><\/h1>\n<\/blockquote>\n<h2>\u00a0<\/h2>\n<h2 style=\"text-align: center;\"><span style=\"color: #000080;\"><a style=\"color: #000080;\" href=\"index.cgi?wid_seccion=3\">Profesorado de Educaci\u00f3n Primaria<\/a><\/span><span style=\"color: #ff0000;\">\u00a0 \u00a0<\/span><\/h2>\n<h2 style=\"text-align: center;\"><span style=\"color: #913791;\">Inscripciones Abiertas 2023!!!!<\/span><\/h2>\n<h2 style=\"text-align: center;\"><span style=\"color: #000080;\"><a style=\"color: #000080;\" href=\"https:\/\/santateresita-cba.infd.edu.ar\/sitio\/profesorado-de-educacion-secundaria-en-biologia-inscripciones-abiertas-2018\/\">Profesorado de Educaci\u00f3n Secundaria en Biolog\u00eda<\/a>\u00a0 \u00a0 <\/span><\/h2>\n<h2 style=\"text-align: center;\"><span style=\"color: #339966;\">Inscripciones Abiertas 2023!!!!<\/span><\/h2>\n<h2>\u00a0<\/h2>\n<h2 style=\"text-align: center;\"><a href=\"https:\/\/santateresita-cba.infd.edu.ar\/sitio\/__trashed\/\"><span style=\"color: #000080;\">Profesorado de Educaci\u00f3n Inicial<\/span><\/a><\/h2>\n<h2 style=\"text-align: center;\"><span style=\"color: #000080;\"><a style=\"color: #000080;\" href=\"https:\/\/santateresita-cba.infd.edu.ar\/sitio\/profesorado-de-educacion-secundaria-en-matematica\/\">Profesorado de Educaci\u00f3n\u00a0Secundaria en Matem\u00e1tica<\/a><\/span><\/h2>\n<h2 style=\"text-align: center;\"><a href=\"https:\/\/santateresita-cba.infd.edu.ar\/sitio\/profesorado-de-educacion-tecnologica-inscripciones-abiertas-2018\/\"><span style=\"color: #000080;\">Profesorado de Educaci\u00f3n Secundaria en Tecnolog\u00eda<\/span><\/a><\/h2>\n<h2 style=\"text-align: center;\"><a href=\"https:\/\/santateresita-cba.infd.edu.ar\/sitio\/enfermeria-profesional-inscripciones-abiertas-2018\/\"><span style=\"color: #000080;\">Enfermer\u00eda Profesional<\/span><\/a><\/h2>\n","protected":false},"excerpt":{"rendered":"<p>Instituto Superior\u00a0 \u201cSANTA TERESITA\u201d &nbsp; San Jos\u00e9 16 -Balnearia &#8211; C\u00f3rdoba &#8211; Tel. Fijo: 03563-420252 (Horario de atenci\u00f3n, de lunes a viernes de 16 a 20.30 hs) \u00a0 Bienvenidos \u00a0 Profesorado de Educaci\u00f3n Primaria\u00a0 \u00a0 Inscripciones Abiertas 2023!!!! Profesorado de Educaci\u00f3n Secundaria en Biolog\u00eda\u00a0 \u00a0 Inscripciones Abiertas 2023!!!! \u00a0 Profesorado de Educaci\u00f3n Inicial Profesorado de &#8230; <a title=\"Inicio\" class=\"read-more\" href=\"https:\/\/santateresita-cba.infd.edu.ar\/sitio\/\" aria-label=\"More on Inicio\">[+]<\/a><\/p>\n","protected":false},"author":1,"featured_media":0,"parent":0,"menu_order":0,"comment_status":"closed","ping_status":"closed","template":"","meta":[],"acf":[],"_links":{"self":[{"href":"https:\/\/santateresita-cba.infd.edu.ar\/sitio\/wp-json\/wp\/v2\/pages\/286"}],"collection":[{"href":"https:\/\/santateresita-cba.infd.edu.ar\/sitio\/wp-json\/wp\/v2\/pages"}],"about":[{"href":"https:\/\/santateresita-cba.infd.edu.ar\/sitio\/wp-json\/wp\/v2\/types\/page"}],"author":[{"embeddable":true,"href":"https:\/\/santateresita-cba.infd.edu.ar\/sitio\/wp-json\/wp\/v2\/users\/1"}],"replies":[{"embeddable":true,"href":"https:\/\/santateresita-cba.infd.edu.ar\/sitio\/wp-json\/wp\/v2\/comments?post=286"}],"version-history":[{"count":145,"href":"https:\/\/santateresita-cba.infd.edu.ar\/sitio\/wp-json\/wp\/v2\/pages\/286\/revisions"}],"predecessor-version":[{"id":1158,"href":"https:\/\/santateresita-cba.infd.edu.ar\/sitio\/wp-json\/wp\/v2\/pages\/286\/revisions\/1158"}],"wp:attachment":[{"href":"https:\/\/santateresita-cba.infd.edu.ar\/sitio\/wp-json\/wp\/v2\/media?parent=286"}],"curies":[{"name":"wp","href":"https:\/\/api.w.org\/{rel}","templated":true}]}}