{"id":1031,"date":"2021-07-29T16:32:49","date_gmt":"2021-07-29T19:32:49","guid":{"rendered":"https:\/\/santateresita-cba.infd.edu.ar\/sitio\/?page_id=1031"},"modified":"2021-11-24T16:30:57","modified_gmt":"2021-11-24T19:30:57","slug":"plan-de-estudios-profesorado-de-matematica","status":"publish","type":"page","link":"https:\/\/santateresita-cba.infd.edu.ar\/sitio\/plan-de-estudios-profesorado-de-matematica\/","title":{"rendered":"Plan de Estudios &#8211; Profesorado de Educaci\u00f3n Secundaria en Matem\u00e1tica"},"content":{"rendered":"\n<p><strong>PRIMER &nbsp;A\u00d1O<\/strong><\/p>\n\n\n\n<ul><li>Pedagog\u00eda<\/li><li>Problem\u00e1ticas Socioantropol\u00f3gicas en Educaci\u00f3n<\/li><li>Lenguaje Digital y Audiovisual<\/li><li>Pr\u00e1ctica Docente I: Contextos y Pr\u00e1cticas Educativas<\/li><li>Elementos de la Aritm\u00e9tica y del \u00c1lgebra<\/li><li>Problem\u00e1ticas de la Geometr\u00eda I<\/li><li>Modelizaci\u00f3n Matem\u00e1tica<\/li><\/ul>\n\n\n\n<p><strong>&nbsp;&nbsp;&nbsp;&nbsp;&nbsp; SEGUNDO &nbsp;A\u00d1O<\/strong><\/p>\n\n\n\n<ul><li>Psicolog\u00eda y Educaci\u00f3n<\/li><li>Did\u00e1ctica General<\/li><li>Pr\u00e1ctica Docente II: Escuelas, Historias Documentadas y Cotidianeidad<\/li><li>Problem\u00e1ticas del \u00c1lgebra I<\/li><li>Problem\u00e1ticas  de la Geometr\u00eda II<\/li><li>Problem\u00e1ticas del An\u00e1lisis Matem\u00e1tico I<\/li><li>Did\u00e1ctica de la Matem\u00e1tica I<\/li><li>Sujetos de la Educaci\u00f3n y E.S.I.<\/li><\/ul>\n\n\n\n<p><strong>&nbsp;&nbsp;&nbsp;&nbsp;&nbsp; TERCER &nbsp;A\u00d1O<\/strong><\/p>\n\n\n\n<ul><li>Historia y Pol\u00edtica de la Educaci\u00f3n Argentina<\/li><li>Pr\u00e1ctica Docente III: El Aula, Espacio del Aprender y del Ense\u00f1ar<\/li><li>Problem\u00e1ticas del \u00c1lgebra II<\/li><li>Problem\u00e1ticas de Probabilidad y Estad\u00edstica<\/li><li>Problem\u00e1tica del An\u00e1lisis Matem\u00e1tico II<\/li><li>Did\u00e1ctica de la Matem\u00e1tica II<\/li><li>Filosof\u00eda de las Ciencias <\/li><\/ul>\n\n\n\n<p><strong>&nbsp;&nbsp;&nbsp;&nbsp;&nbsp; CUARTO A\u00d1O<\/strong><\/p>\n\n\n\n<ul><li>\u00c9tica y Construcci\u00f3n de Ciudadan\u00eda<\/li><li>Problem\u00e1ticas y Desaf\u00edos de la Educaci\u00f3n<\/li><li>Pr\u00e1ctica Docente IV y Residencia<\/li><li>Problem\u00e1ticas del \u00c1lgebra III<\/li><li>Problem\u00e1ticas de la Geometr\u00eda III<\/li><li>Modelizaci\u00f3n Matem\u00e1tica en las Ciencias <\/li><li>Did\u00e1ctica de la Matem\u00e1tica III<\/li><li>Historia y Epistemolog\u00eda de la Matem\u00e1tica<\/li><li>Seminario<\/li><\/ul>\n\n\n\n<p><strong><a href=\"https:\/\/santateresita-cba.infd.edu.ar\/sitio\/wp-content\/uploads\/2018\/08\/PLAN_DE_ESTUDIOS_PROFESORADO_DE_EDUCACION_SECUNDARIA_EN_MATEMATICA.png\">(Copia para descargar, click aqu\u00ed)<\/a><\/strong><\/p>\n\n\n\n<p><\/p>\n\n\n\n<p><\/p>\n","protected":false},"excerpt":{"rendered":"<p>PRIMER &nbsp;A\u00d1O Pedagog\u00eda Problem\u00e1ticas Socioantropol\u00f3gicas en Educaci\u00f3n Lenguaje Digital y Audiovisual Pr\u00e1ctica Docente I: Contextos y Pr\u00e1cticas Educativas Elementos de la Aritm\u00e9tica y del \u00c1lgebra Problem\u00e1ticas de la Geometr\u00eda I Modelizaci\u00f3n Matem\u00e1tica &nbsp;&nbsp;&nbsp;&nbsp;&nbsp; SEGUNDO &nbsp;A\u00d1O Psicolog\u00eda y Educaci\u00f3n Did\u00e1ctica General Pr\u00e1ctica Docente II: Escuelas, Historias Documentadas y Cotidianeidad Problem\u00e1ticas del \u00c1lgebra I Problem\u00e1ticas de la &#8230; <a title=\"Plan de Estudios &#8211; Profesorado de Educaci\u00f3n Secundaria en Matem\u00e1tica\" class=\"read-more\" href=\"https:\/\/santateresita-cba.infd.edu.ar\/sitio\/plan-de-estudios-profesorado-de-matematica\/\" aria-label=\"More on Plan de Estudios &#8211; Profesorado de Educaci\u00f3n Secundaria en Matem\u00e1tica\">[+]<\/a><\/p>\n","protected":false},"author":7,"featured_media":0,"parent":0,"menu_order":0,"comment_status":"closed","ping_status":"closed","template":"","meta":[],"acf":[],"_links":{"self":[{"href":"https:\/\/santateresita-cba.infd.edu.ar\/sitio\/wp-json\/wp\/v2\/pages\/1031"}],"collection":[{"href":"https:\/\/santateresita-cba.infd.edu.ar\/sitio\/wp-json\/wp\/v2\/pages"}],"about":[{"href":"https:\/\/santateresita-cba.infd.edu.ar\/sitio\/wp-json\/wp\/v2\/types\/page"}],"author":[{"embeddable":true,"href":"https:\/\/santateresita-cba.infd.edu.ar\/sitio\/wp-json\/wp\/v2\/users\/7"}],"replies":[{"embeddable":true,"href":"https:\/\/santateresita-cba.infd.edu.ar\/sitio\/wp-json\/wp\/v2\/comments?post=1031"}],"version-history":[{"count":5,"href":"https:\/\/santateresita-cba.infd.edu.ar\/sitio\/wp-json\/wp\/v2\/pages\/1031\/revisions"}],"predecessor-version":[{"id":1094,"href":"https:\/\/santateresita-cba.infd.edu.ar\/sitio\/wp-json\/wp\/v2\/pages\/1031\/revisions\/1094"}],"wp:attachment":[{"href":"https:\/\/santateresita-cba.infd.edu.ar\/sitio\/wp-json\/wp\/v2\/media?parent=1031"}],"curies":[{"name":"wp","href":"https:\/\/api.w.org\/{rel}","templated":true}]}}